{"id":44828,"date":"2025-03-04T14:22:35","date_gmt":"2025-03-04T14:22:35","guid":{"rendered":"https:\/\/www.mindseo.com\/?page_id=44828"},"modified":"2025-06-30T17:42:08","modified_gmt":"2025-06-30T16:42:08","slug":"pedido-proposta-acessibilidade","status":"publish","type":"page","link":"https:\/\/www.mindseo.com\/pt\/pedido-proposta-acessibilidade\/","title":{"rendered":"Pedido de Proposta de Acessibilidade"},"content":{"rendered":"<p>Solicite uma proposta se necessitar de servi\u00e7os de consultoria em solu\u00e7\u00f5es de intelig\u00eancia digital &#8211; SEO, Estrat\u00e9gia Digital e Publicidade Online.<\/p>\n","protected":false},"excerpt":{"rendered":"<p>Solicite uma proposta se necessitar de servi\u00e7os de consultoria em solu\u00e7\u00f5es de intelig\u00eancia digital &#8211; SEO, Estrat\u00e9gia Digital e Publicidade Online.<\/p>\n","protected":false},"author":36,"featured_media":0,"parent":0,"menu_order":0,"comment_status":"closed","ping_status":"closed","template":"","meta":{"_acf_changed":false,"footnotes":""},"acf":[],"yoast_head":"<!-- This site is optimized with the Yoast SEO plugin v24.5 - https:\/\/yoast.com\/wordpress\/plugins\/seo\/ -->\n<title>Pedido de Proposta de Acessibilidade - MindSEO<\/title>\n<meta name=\"description\" content=\"Solicite uma proposta em acessibilidade para produtos e servi\u00e7os digitais, segundo a Lei Europeia de Acessibilidade (EAA).\" \/>\n<meta name=\"robots\" content=\"index, follow, max-snippet:-1, max-image-preview:large, max-video-preview:-1\" \/>\n<link rel=\"canonical\" href=\"https:\/\/www.mindseo.com\/pt\/pedido-proposta-acessibilidade\/\" \/>\n<meta property=\"og:locale\" content=\"pt_PT\" \/>\n<meta property=\"og:type\" content=\"article\" \/>\n<meta property=\"og:title\" content=\"Pedido de Proposta de Acessibilidade - MindSEO\" \/>\n<meta property=\"og:description\" content=\"Solicite uma proposta em acessibilidade para produtos e servi\u00e7os digitais, segundo a Lei Europeia de Acessibilidade (EAA).\" \/>\n<meta property=\"og:url\" content=\"https:\/\/www.mindseo.com\/pt\/pedido-proposta-acessibilidade\/\" \/>\n<meta property=\"og:site_name\" content=\"MindSEO\" \/>\n<meta property=\"article:publisher\" content=\"https:\/\/www.facebook.com\/mindseo\" \/>\n<meta property=\"article:modified_time\" content=\"2025-06-30T16:42:08+00:00\" \/>\n<meta name=\"twitter:card\" content=\"summary_large_image\" \/>\n<meta name=\"twitter:site\" content=\"@mindseo\" \/>\n<meta name=\"twitter:label1\" content=\"Tempo estimado de leitura\" \/>\n\t<meta name=\"twitter:data1\" content=\"5 minutos\" \/>\n<script type=\"application\/ld+json\" class=\"yoast-schema-graph\">{\"@context\":\"https:\/\/schema.org\",\"@graph\":[{\"@type\":\"WebPage\",\"@id\":\"https:\/\/www.mindseo.com\/pt\/pedido-proposta-acessibilidade\/\",\"url\":\"https:\/\/www.mindseo.com\/pt\/pedido-proposta-acessibilidade\/\",\"name\":\"Pedido de Proposta de Acessibilidade - MindSEO\",\"isPartOf\":{\"@id\":\"https:\/\/www.mindseo.com\/pt\/#website\"},\"datePublished\":\"2025-03-04T14:22:35+00:00\",\"dateModified\":\"2025-06-30T16:42:08+00:00\",\"description\":\"Solicite uma proposta em acessibilidade para produtos e servi\u00e7os digitais, segundo a Lei Europeia de Acessibilidade (EAA).\",\"breadcrumb\":{\"@id\":\"https:\/\/www.mindseo.com\/pt\/pedido-proposta-acessibilidade\/#breadcrumb\"},\"inLanguage\":\"pt-PT\",\"potentialAction\":[{\"@type\":\"ReadAction\",\"target\":[\"https:\/\/www.mindseo.com\/pt\/pedido-proposta-acessibilidade\/\"]}]},{\"@type\":\"BreadcrumbList\",\"@id\":\"https:\/\/www.mindseo.com\/pt\/pedido-proposta-acessibilidade\/#breadcrumb\",\"itemListElement\":[{\"@type\":\"ListItem\",\"position\":1,\"name\":\"Home\",\"item\":\"https:\/\/www.mindseo.com\/pt\/\"},{\"@type\":\"ListItem\",\"position\":2,\"name\":\"Pedido de Proposta de Acessibilidade\"}]},{\"@type\":\"WebSite\",\"@id\":\"https:\/\/www.mindseo.com\/pt\/#website\",\"url\":\"https:\/\/www.mindseo.com\/pt\/\",\"name\":\"MindSEO\",\"description\":\"Digital Intelligence Solutions\",\"publisher\":{\"@id\":\"https:\/\/www.mindseo.com\/pt\/#organization\"},\"potentialAction\":[{\"@type\":\"SearchAction\",\"target\":{\"@type\":\"EntryPoint\",\"urlTemplate\":\"https:\/\/www.mindseo.com\/pt\/?s={search_term_string}\"},\"query-input\":{\"@type\":\"PropertyValueSpecification\",\"valueRequired\":true,\"valueName\":\"search_term_string\"}}],\"inLanguage\":\"pt-PT\"},{\"@type\":\"Organization\",\"@id\":\"https:\/\/www.mindseo.com\/pt\/#organization\",\"name\":\"MIndSEO\",\"url\":\"https:\/\/www.mindseo.com\/pt\/\",\"logo\":{\"@type\":\"ImageObject\",\"inLanguage\":\"pt-PT\",\"@id\":\"https:\/\/www.mindseo.com\/pt\/#\/schema\/logo\/image\/\",\"url\":\"https:\/\/www.mindseo.com\/site-files\/uploads\/2016\/01\/mindseo-logo-2.svg\",\"contentUrl\":\"https:\/\/www.mindseo.com\/site-files\/uploads\/2016\/01\/mindseo-logo-2.svg\",\"width\":1,\"height\":1,\"caption\":\"MIndSEO\"},\"image\":{\"@id\":\"https:\/\/www.mindseo.com\/pt\/#\/schema\/logo\/image\/\"},\"sameAs\":[\"https:\/\/www.facebook.com\/mindseo\",\"https:\/\/x.com\/mindseo\",\"https:\/\/www.linkedin.com\/company\/mindseo\"]}]}<\/script>\n<!-- \/ Yoast SEO plugin. -->","yoast_head_json":{"title":"Pedido de Proposta de Acessibilidade - MindSEO","description":"Solicite uma proposta em acessibilidade para produtos e servi\u00e7os digitais, segundo a Lei Europeia de Acessibilidade (EAA).","robots":{"index":"index","follow":"follow","max-snippet":"max-snippet:-1","max-image-preview":"max-image-preview:large","max-video-preview":"max-video-preview:-1"},"canonical":"https:\/\/www.mindseo.com\/pt\/pedido-proposta-acessibilidade\/","og_locale":"pt_PT","og_type":"article","og_title":"Pedido de Proposta de Acessibilidade - MindSEO","og_description":"Solicite uma proposta em acessibilidade para produtos e servi\u00e7os digitais, segundo a Lei Europeia de Acessibilidade (EAA).","og_url":"https:\/\/www.mindseo.com\/pt\/pedido-proposta-acessibilidade\/","og_site_name":"MindSEO","article_publisher":"https:\/\/www.facebook.com\/mindseo","article_modified_time":"2025-06-30T16:42:08+00:00","twitter_card":"summary_large_image","twitter_site":"@mindseo","twitter_misc":{"Tempo estimado de leitura":"5 minutos"},"schema":{"@context":"https:\/\/schema.org","@graph":[{"@type":"WebPage","@id":"https:\/\/www.mindseo.com\/pt\/pedido-proposta-acessibilidade\/","url":"https:\/\/www.mindseo.com\/pt\/pedido-proposta-acessibilidade\/","name":"Pedido de Proposta de Acessibilidade - MindSEO","isPartOf":{"@id":"https:\/\/www.mindseo.com\/pt\/#website"},"datePublished":"2025-03-04T14:22:35+00:00","dateModified":"2025-06-30T16:42:08+00:00","description":"Solicite uma proposta em acessibilidade para produtos e servi\u00e7os digitais, segundo a Lei Europeia de Acessibilidade (EAA).","breadcrumb":{"@id":"https:\/\/www.mindseo.com\/pt\/pedido-proposta-acessibilidade\/#breadcrumb"},"inLanguage":"pt-PT","potentialAction":[{"@type":"ReadAction","target":["https:\/\/www.mindseo.com\/pt\/pedido-proposta-acessibilidade\/"]}]},{"@type":"BreadcrumbList","@id":"https:\/\/www.mindseo.com\/pt\/pedido-proposta-acessibilidade\/#breadcrumb","itemListElement":[{"@type":"ListItem","position":1,"name":"Home","item":"https:\/\/www.mindseo.com\/pt\/"},{"@type":"ListItem","position":2,"name":"Pedido de Proposta de Acessibilidade"}]},{"@type":"WebSite","@id":"https:\/\/www.mindseo.com\/pt\/#website","url":"https:\/\/www.mindseo.com\/pt\/","name":"MindSEO","description":"Digital Intelligence Solutions","publisher":{"@id":"https:\/\/www.mindseo.com\/pt\/#organization"},"potentialAction":[{"@type":"SearchAction","target":{"@type":"EntryPoint","urlTemplate":"https:\/\/www.mindseo.com\/pt\/?s={search_term_string}"},"query-input":{"@type":"PropertyValueSpecification","valueRequired":true,"valueName":"search_term_string"}}],"inLanguage":"pt-PT"},{"@type":"Organization","@id":"https:\/\/www.mindseo.com\/pt\/#organization","name":"MIndSEO","url":"https:\/\/www.mindseo.com\/pt\/","logo":{"@type":"ImageObject","inLanguage":"pt-PT","@id":"https:\/\/www.mindseo.com\/pt\/#\/schema\/logo\/image\/","url":"https:\/\/www.mindseo.com\/site-files\/uploads\/2016\/01\/mindseo-logo-2.svg","contentUrl":"https:\/\/www.mindseo.com\/site-files\/uploads\/2016\/01\/mindseo-logo-2.svg","width":1,"height":1,"caption":"MIndSEO"},"image":{"@id":"https:\/\/www.mindseo.com\/pt\/#\/schema\/logo\/image\/"},"sameAs":["https:\/\/www.facebook.com\/mindseo","https:\/\/x.com\/mindseo","https:\/\/www.linkedin.com\/company\/mindseo"]}]}},"_links":{"self":[{"href":"https:\/\/www.mindseo.com\/pt\/wp-json\/wp\/v2\/pages\/44828"}],"collection":[{"href":"https:\/\/www.mindseo.com\/pt\/wp-json\/wp\/v2\/pages"}],"about":[{"href":"https:\/\/www.mindseo.com\/pt\/wp-json\/wp\/v2\/types\/page"}],"author":[{"embeddable":true,"href":"https:\/\/www.mindseo.com\/pt\/wp-json\/wp\/v2\/users\/36"}],"replies":[{"embeddable":true,"href":"https:\/\/www.mindseo.com\/pt\/wp-json\/wp\/v2\/comments?post=44828"}],"version-history":[{"count":6,"href":"https:\/\/www.mindseo.com\/pt\/wp-json\/wp\/v2\/pages\/44828\/revisions"}],"predecessor-version":[{"id":44934,"href":"https:\/\/www.mindseo.com\/pt\/wp-json\/wp\/v2\/pages\/44828\/revisions\/44934"}],"wp:attachment":[{"href":"https:\/\/www.mindseo.com\/pt\/wp-json\/wp\/v2\/media?parent=44828"}],"curies":[{"name":"wp","href":"https:\/\/api.w.org\/{rel}","templated":true}]}}